{"id":2327,"date":"2024-03-28T12:51:41","date_gmt":"2024-03-28T12:51:41","guid":{"rendered":"https:\/\/www.senhormoeda.com.br\/campinas\/?page_id=2327"},"modified":"2025-12-02T15:31:21","modified_gmt":"2025-12-02T15:31:21","slug":"avaliacao-de-joias","status":"publish","type":"page","link":"https:\/\/www.senhormoeda.com.br\/campinas\/avaliacao-de-joias\/","title":{"rendered":"Avalia\u00e7\u00e3o para compra de joias de ouro"},"content":{"rendered":"\t\t<div data-elementor-type=\"wp-page\" data-elementor-id=\"2327\" class=\"elementor elementor-2327\">\n\t\t\t\t<div class=\"elementor-element elementor-element-998ac3d e-flex e-con-boxed e-con e-parent\" data-id=\"998ac3d\" data-element_type=\"container\">\n\t\t\t\t\t<div class=\"e-con-inner\">\n\t\t<div class=\"elementor-element elementor-element-b7a84f7 e-grid e-con-boxed e-con e-child\" data-id=\"b7a84f7\" data-element_type=\"container\">\n\t\t\t\t\t<div class=\"e-con-inner\">\n\t\t\t\t<div class=\"elementor-element elementor-element-f4d65d0 elementor-widget elementor-widget-html\" data-id=\"f4d65d0\" data-element_type=\"widget\" data-widget_type=\"html.default\">\n\t\t\t\t<div class=\"elementor-widget-container\">\n\t\t\t\t\t<!-- HFCM by 99 Robots - Snippet # 54: Agendamento de joias -->\n<div id=\"calendar-booking\">\r\n\t<div id=\"senhormoeda-booking\">\r\n\t\t<div id=\"senhormoeda-container-booking\">\r\n\t\t\t<div id=\"step1\" class=\"step \">\r\n\t\t\t\t<p><strong>Escolha uma data<\/strong><\/p>\r\n\t\t\t\t<div class=\"field textbox\">\r\n\t\t\t\t\t<div id=\"datepicker\"><\/div>\r\n\t\t\t\t\t<input type=\"hidden\" id=\"hdn-desired-date\">\r\n\t\t\t\t\t<input type=\"hidden\" id=\"hdn-desired-time\">\r\n\t\t\t\t\t<div class=\"clear\"><\/div>\r\n\t\t\t\t<\/div>\r\n\t\t\t\t<div class=\"field textbox buttons-time hide\">\r\n\t\t\t\t\t<h4>Selecione um hor\u00e1rio<\/h4> \r\n\t\t\t\t\t<div class=\"clear\"><\/div>  \r\n\t\t\t\t\t<div class=\"buttons-box\">\r\n\t\t\t\t\t\t<button id=\"horario_0900\">09:00<\/button>\r\n\t\t\t\t\t\t<button id=\"horario_0930\">09:30<\/button>\r\n\t\t\t\t\t\t<button id=\"horario_1000\">10:00<\/button>\r\n\t\t\t\t\t\t<button id=\"horario_1030\">10:30<\/button>\r\n\t\t\t\t\t\t<button id=\"horario_1100\">11:00<\/button>\r\n\t\t\t\t\t\t<button id=\"horario_1130\">11:30<\/button>\r\n\t\t\t\t\t\t<button id=\"horario_1200\">12:00<\/button>\r\n\t\t\t\t\t\t<button id=\"horario_1230\">12:30<\/button>\r\n\t\t\t\t\t\t<button id=\"horario_1300\">13:00<\/button>\r\n\t\t\t\t\t\t<button id=\"horario_1330\">13:30<\/button>\r\n\t\t\t\t\t\t<button id=\"horario_1400\">14:00<\/button>\r\n\t\t\t\t\t\t<button id=\"horario_1430\">14:30<\/button>\r\n\t\t\t\t\t\t<button id=\"horario_1500\">15:00<\/button>\r\n\t\t\t\t\t\t<button id=\"horario_1530\">15:30<\/button>\r\n\t\t\t\t\t\t<button id=\"horario_1600\">16:00<\/button>\r\n\t\t\t\t\t\t<button id=\"horario_1630\">16:30<\/button>\r\n\t\t\t\t\t\t<button id=\"horario_1700\">17:00<\/button>\r\n\t\t\t\t\t\t<button id=\"horario_1730\">17:30<\/button>\r\n\t\t\t\t\t<\/div>\r\n\r\n\r\n\t\t\t\t\t<div class=\"clear\"><\/div>\r\n\t\t\t\t<\/div>\r\n\t\t\t\t<!--div id=\"container-booking\"><\/div-->\r\n\t\t\t\t<div class=\"field buttons\">\r\n\t\t\t\t\t<button id=\"btnBookNext\" class=\"buttons-book hide\">Agendar<\/button>\r\n\t\t\t\t<\/div>\r\n\t\t\t<\/div>\r\n\t\t\t<div id=\"step2\" class=\"step form hide\">\r\n\t\t\t\t<p><strong>Pedido de agendamento<\/strong><\/p>\r\n\t\t\t\t<p>\r\n\t\t\t\t\tData e Hora desejada: <span class=\"lbl-booking-datetime\"><\/span>\r\n\t\t\t\t<\/p>\r\n\t\t\t\t<div id=\"comboselect-jewelry\" class=\"field combobox\">\r\n\t\t\t\t\t<span>Tipo de j\u00f3ia<\/span> \r\n\t\t\t\t\t<div class=\"clear\"><\/div>  \r\n\t\t\t\t\t<select id=\"cmb-jewelry\" class=\"vodiapicker\">\r\n\t\t\t\t\t\t<option value=\"ring\" data-description=\"Anel\" class=\"test\" data-thumbnail=\"\">Anel<\/option>\r\n\t\t\t\t\t\t<option value=\"bracelet\" data-description=\"Pulseira\" data-thumbnail=\"\">Pulseira<\/option>\r\n\t\t\t\t\t\t<option value=\"chain\" data-description=\"Corrente\" data-thumbnail=\"\">Corrente<\/option>\r\n\t\t\t\t\t\t<option value=\"earring\" data-description=\"Brinco\" data-thumbnail=\"\">Brinco<\/option>\r\n\t\t\t\t\t\t<option value=\"coin\" data-description=\"Moedas\" data-thumbnail=\"\">Moedas<\/option>\r\n\t\t\t\t\t\t<option value=\"other\" data-description=\"Outros\" data-thumbnail=\"\">Outros<\/option>\r\n\t\t\t\t\t<\/select>\r\n\r\n\t\t\t\t\t<div class=\"lang-select\">\r\n\t\t\t\t\t\t<button id=\"combo-button-jewelry\" class=\"combo-btn-select combo-fullborder combo-fullwidth\" value=\"\"><\/button>\r\n\t\t\t\t\t\t<div class=\"cmb-jewelry combo-container\">\r\n\t\t\t\t\t\t\t<ul id=\"combo-list-jewelry\">\r\n\r\n\t\t\t\t\t\t\t<\/ul>\r\n\t\t\t\t\t\t<\/div>\r\n\t\t\t\t\t<\/div>\r\n\t\t\t\t<\/div>\r\n\t\t\t\t<div class=\"field textbox\">\r\n\t\t\t\t\t<span>Peso aprox. (em gramas)<\/span>\r\n\t\t\t\t\t<div class=\"clear\"><\/div>\r\n\t\t\t\t\t<button id=\"btn-decreasevalue\" class=\"fleft increasedecrease-buttons\">-<\/button>\r\n\t\t\t\t\t<input type=\"number\" name=\"txt-alertvalue\" id=\"txt-alertvalue\" class=\"fleft\" value=\"100\" step=\"1\" \/>\r\n\t\t\t\t\t<button id=\"btn-increasevalue\" class=\"fleft increasedecrease-buttons\">+<\/button>\r\n\t\t\t\t\t<div class=\"clear\"><\/div>\r\n\t\t\t\t<\/div>\r\n\t\t\t\t<div class=\"field textbox\">\r\n\t\t\t\t\t<span>Nome<\/span>\r\n\t\t\t\t\t<input type=\"text\" name=\"name\" id=\"txtName\" placeholder=\"seu nome\" \/>\r\n\t\t\t\t<\/div>\r\n\t\t\t\t<div class=\"field textbox\">\r\n\t\t\t\t\t<span>E-mail<\/span>\r\n\t\t\t\t\t<input type=\"email\" name=\"email\" id=\"txtEmail\" placeholder=\"seu melhor email\" \/>\r\n\t\t\t\t<\/div>\r\n\t\t\t\t<div class=\"field textbox\">\r\n\t\t\t\t\t<span>Telefone<\/span>\r\n\t\t\t\t\t<input type=\"phone\" name=\"phone\" id=\"txtPhone\" placeholder=\"seu telefone(whatsapp)\" \/>\r\n\t\t\t\t<\/div>\r\n\t\t\t\t<div class=\"field buttons\">\r\n\t\t\t\t\t<button id=\"btn-cancelalert\">Cancelar<\/button>\r\n\t\t\t\t\t<button id=\"btnBook\" class=\"buttons-book\">Prosseguir<\/button>\r\n\t\t\t\t<\/div>\r\n\t\t\t\t<div class=\"field error\">\r\n\t\t\t\t\t<span><\/span>\r\n\t\t\t\t<\/div>\r\n\t\t\t\t<div class=\"clear\"><\/div>\r\n\t\t\t<\/div>\r\n\t\t\t<div id=\"step3\" class=\"step hide\">\r\n\t\t\t\t<div class=\"content-tabs content-tabs-full-border text-content\">\r\n\t\t\t\t\t<p><strong>Agendamento solicitado<\/strong><\/p>\r\n\t\t\t\t\t<p>Data desejada: <span class=\"lbl-booking-datetime\"><\/span><\/p>\r\n\t\t\t\t\t<p>Sua solicita\u00e7\u00e3o de agendamento foi enviada, iremos entrar em contato em breve para confirma\u00e7\u00e3o.<\/p>\r\n\t\t\t\t\t<div class=\"clear\"><\/div>\r\n\t\t\t\t\t<div id=\"bottom-buttons-summary\" class=\"bottom-buttons buttons\">\r\n\t\t\t\t\t\t<a class=\"button btn-whatsapp\" href=\"https:\/\/api.whatsapp.com\/send?phone=551925130099&amp;text=Ola, realizei um agendamento no site e gostaria de tirar uma duvida.\" target=\"_blank\" rel=\"noopener\"><i class=\"fa-brands fa-whatsapp\"><\/i> Falar com especialista<\/a>\r\n\t\t\t\t\t\t<div class=\"clear\"><\/div>\r\n\t\t\t\t\t<\/div>\r\n\t\t\t\t<\/div>\r\n\t\t\t\t<div class=\"clear\"><\/div>\r\n\t\t\t<\/div>\r\n\t\t<\/div>\r\n\t<\/div>\r\n<\/div>\r\n\n<!-- \/end HFCM by 99 Robots -->\n\t\t\t\t<\/div>\n\t\t\t\t<\/div>\n\t\t\t\t<div class=\"elementor-element elementor-element-5e01982 elementor-widget elementor-widget-text-editor\" data-id=\"5e01982\" data-element_type=\"widget\" data-widget_type=\"text-editor.default\">\n\t\t\t\t<div class=\"elementor-widget-container\">\n\t\t\t\t\t\t\t\t\t<h1>Avalia\u00e7\u00e3o para compra de joias de ouro<\/h1><p><span style=\"font-weight: 400;\">Avaliamos suas joias de ouro com o melhor pre\u00e7o do mercado.<\/span><\/p><p>Se voc\u00ea est\u00e1 pensando em vender suas joias de ouro, estamos aqui para ajudar. Nossa equipe de especialistas oferece avalia\u00e7\u00f5es precisas e justas para garantir que voc\u00ea obtenha o melhor valor poss\u00edvel pelas suas pe\u00e7as.<\/p><ul><li style=\"font-weight: 400;\" aria-level=\"1\"><span style=\"font-weight: 400;\"><strong>Avalia\u00e7\u00e3o Imediata<\/strong>: Nossos especialistas avaliam suas joias na hora, garantindo agilidade no processo.<\/span><\/li><li style=\"font-weight: 400;\" aria-level=\"1\"><span style=\"font-weight: 400;\"><strong>Pagamento \u00e0 Vista<\/strong>: Receba o pagamento ap\u00f3s a avalia\u00e7\u00e3o, sem burocracia.<\/span><\/li><li style=\"font-weight: 400;\" aria-level=\"1\"><span style=\"font-weight: 400;\"><strong>Avalie Sem Compromisso<\/strong>: A avalia\u00e7\u00e3o \u00e9 gratuita e sem compromisso, proporcionando total liberdade para voc\u00ea decidir.<\/span><\/li><\/ul><h2>Profissionais qualificados e o melhor pre\u00e7o<\/h2><p><span style=\"font-weight: 400;\">Contamos com profissionais extremamente qualificados que realizam uma avalia\u00e7\u00e3o transparente e justa. Quanto <strong>melhor a qualidade<\/strong> do seu ouro, <strong>maior ser\u00e1 o pre\u00e7o<\/strong>!<\/span><\/p><h2>Ambiente discreto e seguro<\/h2><p><span style=\"font-weight: 400;\">Nosso ambiente \u00e9 totalmente discreto, proporcionando seguran\u00e7a e conforto.<\/span><\/p><p><span style=\"font-weight: 400;\"> Disponibilizamos uma sala de espera confort\u00e1vel com ar condicionado, estacionamento no local e seguran\u00e7a particular, para garantir uma excelente experi\u00eancia na venda do seu ouro.<\/span><\/p><p><span style=\"font-weight: 400;\">Tire suas d\u00favidas pelo WhatsApp e descubra o valor de suas joias hoje mesmo!<\/span><\/p><p><a class=\"btn-whats duvida td\" href=\"https:\/\/api.whatsapp.com\/send?phone=551925130099&amp;text=Ol\u00e1,%20quero%20tirar%20uma%20d\u00favida%20sobre%20a%20avalia\u00e7\u00e3o%20de%20joias\" target=\"_blank\" rel=\"noopener\">Tirar D\u00favida no WhatsApp<\/a><\/p>\t\t\t\t\t\t\t\t<\/div>\n\t\t\t\t<\/div>\n\t\t\t\t\t<\/div>\n\t\t\t\t<\/div>\n\t\t\t\t\t<\/div>\n\t\t\t\t<\/div>\n\t\t\t\t<\/div>\n\t\t","protected":false},"excerpt":{"rendered":"<p>Avalia\u00e7\u00e3o para compra de joias de ouro Avaliamos suas joias de ouro com o melhor pre\u00e7o do mercado. Se voc\u00ea est\u00e1 pensando em vender suas joias de ouro, estamos aqui para ajudar. Nossa equipe de especialistas oferece avalia\u00e7\u00f5es precisas e justas para garantir que voc\u00ea obtenha o melhor valor poss\u00edvel pelas suas pe\u00e7as. Avalia\u00e7\u00e3o Imediata: [&hellip;]<\/p>\n","protected":false},"author":1,"featured_media":0,"parent":0,"menu_order":0,"comment_status":"closed","ping_status":"closed","template":"elementor_header_footer","meta":{"ocean_post_layout":"","ocean_both_sidebars_style":"","ocean_both_sidebars_content_width":0,"ocean_both_sidebars_sidebars_width":0,"ocean_sidebar":"0","ocean_second_sidebar":"0","ocean_disable_margins":"enable","ocean_add_body_class":"","ocean_shortcode_before_top_bar":"","ocean_shortcode_after_top_bar":"","ocean_shortcode_before_header":"","ocean_shortcode_after_header":"","ocean_has_shortcode":"","ocean_shortcode_after_title":"","ocean_shortcode_before_footer_widgets":"","ocean_shortcode_after_footer_widgets":"","ocean_shortcode_before_footer_bottom":"","ocean_shortcode_after_footer_bottom":"","ocean_display_top_bar":"default","ocean_display_header":"default","ocean_header_style":"","ocean_center_header_left_menu":"0","ocean_custom_header_template":"0","ocean_custom_logo":0,"ocean_custom_retina_logo":0,"ocean_custom_logo_max_width":0,"ocean_custom_logo_tablet_max_width":0,"ocean_custom_logo_mobile_max_width":0,"ocean_custom_logo_max_height":0,"ocean_custom_logo_tablet_max_height":0,"ocean_custom_logo_mobile_max_height":0,"ocean_header_custom_menu":"0","ocean_menu_typo_font_family":"0","ocean_menu_typo_font_subset":"","ocean_menu_typo_font_size":0,"ocean_menu_typo_font_size_tablet":0,"ocean_menu_typo_font_size_mobile":0,"ocean_menu_typo_font_size_unit":"px","ocean_menu_typo_font_weight":"","ocean_menu_typo_font_weight_tablet":"","ocean_menu_typo_font_weight_mobile":"","ocean_menu_typo_transform":"","ocean_menu_typo_transform_tablet":"","ocean_menu_typo_transform_mobile":"","ocean_menu_typo_line_height":0,"ocean_menu_typo_line_height_tablet":0,"ocean_menu_typo_line_height_mobile":0,"ocean_menu_typo_line_height_unit":"","ocean_menu_typo_spacing":0,"ocean_menu_typo_spacing_tablet":0,"ocean_menu_typo_spacing_mobile":0,"ocean_menu_typo_spacing_unit":"","ocean_menu_link_color":"","ocean_menu_link_color_hover":"","ocean_menu_link_color_active":"","ocean_menu_link_background":"","ocean_menu_link_hover_background":"","ocean_menu_link_active_background":"","ocean_menu_social_links_bg":"","ocean_menu_social_hover_links_bg":"","ocean_menu_social_links_color":"","ocean_menu_social_hover_links_color":"","ocean_disable_title":"on","ocean_disable_heading":"default","ocean_post_title":"","ocean_post_subheading":"","ocean_post_title_style":"","ocean_post_title_background_color":"","ocean_post_title_background":0,"ocean_post_title_bg_image_position":"","ocean_post_title_bg_image_attachment":"","ocean_post_title_bg_image_repeat":"","ocean_post_title_bg_image_size":"","ocean_post_title_height":0,"ocean_post_title_bg_overlay":0.5,"ocean_post_title_bg_overlay_color":"","ocean_disable_breadcrumbs":"off","ocean_breadcrumbs_color":"","ocean_breadcrumbs_separator_color":"","ocean_breadcrumbs_links_color":"","ocean_breadcrumbs_links_hover_color":"","ocean_display_footer_widgets":"default","ocean_display_footer_bottom":"default","ocean_custom_footer_template":"0","footnotes":""},"class_list":["post-2327","page","type-page","status-publish","hentry","entry"],"yoast_head":"<!-- This site is optimized with the Yoast SEO plugin v27.5 - https:\/\/yoast.com\/product\/yoast-seo-wordpress\/ -->\n<title>Avaliamos suas joias de forma r\u00e1pida e segura<\/title>\n<meta name=\"description\" content=\"Avaliamos suas Joias e pagamos na hora. Fazemos avalia\u00e7\u00e3o gr\u00e1tis, compramos seu ouro, corrente, brincos, anel de ouro pelo melhor pre\u00e7o.\" \/>\n<meta name=\"robots\" content=\"index, follow, max-snippet:-1, max-image-preview:large, max-video-preview:-1\" \/>\n<link rel=\"canonical\" href=\"https:\/\/www.senhormoeda.com.br\/campinas\/avaliacao-de-joias\/\" \/>\n<meta property=\"og:locale\" content=\"pt_PT\" \/>\n<meta property=\"og:type\" content=\"article\" \/>\n<meta property=\"og:title\" content=\"Avaliamos suas joias de forma r\u00e1pida e segura\" \/>\n<meta property=\"og:description\" content=\"Avaliamos suas Joias e pagamos na hora. Fazemos avalia\u00e7\u00e3o gr\u00e1tis, compramos seu ouro, corrente, brincos, anel de ouro pelo melhor pre\u00e7o.\" \/>\n<meta property=\"og:url\" content=\"https:\/\/www.senhormoeda.com.br\/campinas\/avaliacao-de-joias\/\" \/>\n<meta property=\"og:site_name\" content=\"Senhor Moeda C\u00e2mbio\" \/>\n<meta property=\"article:modified_time\" content=\"2025-12-02T15:31:21+00:00\" \/>\n<meta name=\"twitter:card\" content=\"summary_large_image\" \/>\n<meta name=\"twitter:label1\" content=\"Tempo estimado de leitura\" \/>\n\t<meta name=\"twitter:data1\" content=\"1 minuto\" \/>\n<script type=\"application\/ld+json\" class=\"yoast-schema-graph\">{\"@context\":\"https:\\\/\\\/schema.org\",\"@graph\":[{\"@type\":\"WebPage\",\"@id\":\"https:\\\/\\\/www.senhormoeda.com.br\\\/campinas\\\/avaliacao-de-joias\\\/\",\"url\":\"https:\\\/\\\/www.senhormoeda.com.br\\\/campinas\\\/avaliacao-de-joias\\\/\",\"name\":\"Avaliamos suas joias de forma r\u00e1pida e segura\",\"isPartOf\":{\"@id\":\"https:\\\/\\\/www.senhormoeda.com.br\\\/campinas\\\/#website\"},\"datePublished\":\"2024-03-28T12:51:41+00:00\",\"dateModified\":\"2025-12-02T15:31:21+00:00\",\"description\":\"Avaliamos suas Joias e pagamos na hora. Fazemos avalia\u00e7\u00e3o gr\u00e1tis, compramos seu ouro, corrente, brincos, anel de ouro pelo melhor pre\u00e7o.\",\"inLanguage\":\"pt-PT\",\"potentialAction\":[{\"@type\":\"ReadAction\",\"target\":[\"https:\\\/\\\/www.senhormoeda.com.br\\\/campinas\\\/avaliacao-de-joias\\\/\"]}]},{\"@type\":\"WebSite\",\"@id\":\"https:\\\/\\\/www.senhormoeda.com.br\\\/campinas\\\/#website\",\"url\":\"https:\\\/\\\/www.senhormoeda.com.br\\\/campinas\\\/\",\"name\":\"Senhor Moeda C\u00e2mbio\",\"description\":\"Compra e Venda de moeda estrangeira\",\"potentialAction\":[{\"@type\":\"SearchAction\",\"target\":{\"@type\":\"EntryPoint\",\"urlTemplate\":\"https:\\\/\\\/www.senhormoeda.com.br\\\/campinas\\\/?s={search_term_string}\"},\"query-input\":{\"@type\":\"PropertyValueSpecification\",\"valueRequired\":true,\"valueName\":\"search_term_string\"}}],\"inLanguage\":\"pt-PT\"}]}<\/script>\n<!-- \/ Yoast SEO plugin. -->","yoast_head_json":{"title":"Avaliamos suas joias de forma r\u00e1pida e segura","description":"Avaliamos suas Joias e pagamos na hora. Fazemos avalia\u00e7\u00e3o gr\u00e1tis, compramos seu ouro, corrente, brincos, anel de ouro pelo melhor pre\u00e7o.","robots":{"index":"index","follow":"follow","max-snippet":"max-snippet:-1","max-image-preview":"max-image-preview:large","max-video-preview":"max-video-preview:-1"},"canonical":"https:\/\/www.senhormoeda.com.br\/campinas\/avaliacao-de-joias\/","og_locale":"pt_PT","og_type":"article","og_title":"Avaliamos suas joias de forma r\u00e1pida e segura","og_description":"Avaliamos suas Joias e pagamos na hora. Fazemos avalia\u00e7\u00e3o gr\u00e1tis, compramos seu ouro, corrente, brincos, anel de ouro pelo melhor pre\u00e7o.","og_url":"https:\/\/www.senhormoeda.com.br\/campinas\/avaliacao-de-joias\/","og_site_name":"Senhor Moeda C\u00e2mbio","article_modified_time":"2025-12-02T15:31:21+00:00","twitter_card":"summary_large_image","twitter_misc":{"Tempo estimado de leitura":"1 minuto"},"schema":{"@context":"https:\/\/schema.org","@graph":[{"@type":"WebPage","@id":"https:\/\/www.senhormoeda.com.br\/campinas\/avaliacao-de-joias\/","url":"https:\/\/www.senhormoeda.com.br\/campinas\/avaliacao-de-joias\/","name":"Avaliamos suas joias de forma r\u00e1pida e segura","isPartOf":{"@id":"https:\/\/www.senhormoeda.com.br\/campinas\/#website"},"datePublished":"2024-03-28T12:51:41+00:00","dateModified":"2025-12-02T15:31:21+00:00","description":"Avaliamos suas Joias e pagamos na hora. Fazemos avalia\u00e7\u00e3o gr\u00e1tis, compramos seu ouro, corrente, brincos, anel de ouro pelo melhor pre\u00e7o.","inLanguage":"pt-PT","potentialAction":[{"@type":"ReadAction","target":["https:\/\/www.senhormoeda.com.br\/campinas\/avaliacao-de-joias\/"]}]},{"@type":"WebSite","@id":"https:\/\/www.senhormoeda.com.br\/campinas\/#website","url":"https:\/\/www.senhormoeda.com.br\/campinas\/","name":"Senhor Moeda C\u00e2mbio","description":"Compra e Venda de moeda estrangeira","potentialAction":[{"@type":"SearchAction","target":{"@type":"EntryPoint","urlTemplate":"https:\/\/www.senhormoeda.com.br\/campinas\/?s={search_term_string}"},"query-input":{"@type":"PropertyValueSpecification","valueRequired":true,"valueName":"search_term_string"}}],"inLanguage":"pt-PT"}]}},"_links":{"self":[{"href":"https:\/\/www.senhormoeda.com.br\/campinas\/wp-json\/wp\/v2\/pages\/2327","targetHints":{"allow":["GET"]}}],"collection":[{"href":"https:\/\/www.senhormoeda.com.br\/campinas\/wp-json\/wp\/v2\/pages"}],"about":[{"href":"https:\/\/www.senhormoeda.com.br\/campinas\/wp-json\/wp\/v2\/types\/page"}],"author":[{"embeddable":true,"href":"https:\/\/www.senhormoeda.com.br\/campinas\/wp-json\/wp\/v2\/users\/1"}],"replies":[{"embeddable":true,"href":"https:\/\/www.senhormoeda.com.br\/campinas\/wp-json\/wp\/v2\/comments?post=2327"}],"version-history":[{"count":119,"href":"https:\/\/www.senhormoeda.com.br\/campinas\/wp-json\/wp\/v2\/pages\/2327\/revisions"}],"predecessor-version":[{"id":4440,"href":"https:\/\/www.senhormoeda.com.br\/campinas\/wp-json\/wp\/v2\/pages\/2327\/revisions\/4440"}],"wp:attachment":[{"href":"https:\/\/www.senhormoeda.com.br\/campinas\/wp-json\/wp\/v2\/media?parent=2327"}],"curies":[{"name":"wp","href":"https:\/\/api.w.org\/{rel}","templated":true}]}}