{"id":2331,"date":"2024-03-28T12:51:18","date_gmt":"2024-03-28T12:51:18","guid":{"rendered":"https:\/\/www.senhormoeda.com.br\/campinas\/?page_id=2331"},"modified":"2025-12-02T15:33:10","modified_gmt":"2025-12-02T15:33:10","slug":"faca-sua-oferta","status":"publish","type":"page","link":"https:\/\/www.senhormoeda.com.br\/campinas\/faca-sua-oferta\/","title":{"rendered":"Fa\u00e7a sua Oferta"},"content":{"rendered":"\t\t<div data-elementor-type=\"wp-page\" data-elementor-id=\"2331\" class=\"elementor elementor-2331\">\n\t\t\t\t<div class=\"elementor-element elementor-element-0806ed4 e-flex e-con-boxed e-con e-parent\" data-id=\"0806ed4\" data-element_type=\"container\">\n\t\t\t\t\t<div class=\"e-con-inner\">\n\t\t\t\t<div class=\"elementor-element elementor-element-e6ff0a1 elementor-widget elementor-widget-heading\" data-id=\"e6ff0a1\" data-element_type=\"widget\" data-widget_type=\"heading.default\">\n\t\t\t\t<div class=\"elementor-widget-container\">\n\t\t\t\t\t<h1 class=\"elementor-heading-title elementor-size-default\">Fa\u00e7a sua oferta para compra ou venda de moeda estrangeira<\/h1>\t\t\t\t<\/div>\n\t\t\t\t<\/div>\n\t\t\t\t\t<\/div>\n\t\t\t\t<\/div>\n\t\t<div class=\"elementor-element elementor-element-4e166fe e-flex e-con-boxed e-con e-parent\" data-id=\"4e166fe\" data-element_type=\"container\">\n\t\t\t\t\t<div class=\"e-con-inner\">\n\t\t<div class=\"elementor-element elementor-element-e042aac e-grid e-con-boxed e-con e-child\" data-id=\"e042aac\" data-element_type=\"container\">\n\t\t\t\t\t<div class=\"e-con-inner\">\n\t\t\t\t<div class=\"elementor-element elementor-element-1cf645e elementor-widget elementor-widget-html\" data-id=\"1cf645e\" data-element_type=\"widget\" data-widget_type=\"html.default\">\n\t\t\t\t<div class=\"elementor-widget-container\">\n\t\t\t\t\t<div id=\"calculator\"><\/div>\n<!-- estrutura css da calculadora -->\n<link type=\"text\/css\" rel=\"stylesheet\" href=\"https:\/\/app.senhormoeda.com.br\/static\/offer\/css\/offer-wrapper.css?v=20251114\"\/>\n\n<!-- Scripts para funcionamento da calculadora -->\n\n<script src=\"https:\/\/app.senhormoeda.com.br\/static\/offer\/js\/offer-wrapper.js?v=20251114\"><\/script>\n            \n<script type=\"text\/javascript\">\n                \/\/ \n                var idElement = \"calculator\";\n               window.localStorage.setItem(\"contextArea\", \"money\");   createOffer(idElement); \n            <\/script>\t\t\t\t<\/div>\n\t\t\t\t<\/div>\n\t\t\t\t<div class=\"elementor-element elementor-element-4bb00a0 elementor-widget elementor-widget-html\" data-id=\"4bb00a0\" data-element_type=\"widget\" data-widget_type=\"html.default\">\n\t\t\t\t<div class=\"elementor-widget-container\">\n\t\t\t\t\t<div id=\"chartcompare\"><\/div>\n<link type=\"text\/css\" rel=\"stylesheet\" href=\"https:\/\/app.senhormoeda.com.br\/static\/chart\/css\/chart.css\"\/>\n<script src=\"https:\/\/app.senhormoeda.com.br\/static\/chart\/js\/chart-wrapper.js\" type=\"text\/javascript\"><\/script>\n        \n        <script type=\"text\/javascript\">\n           \n            var idElement = \"chartcompare\";\n            createChartAlert(idElement);\n        <\/script>\t\t\t\t<\/div>\n\t\t\t\t<\/div>\n\t\t\t\t\t<\/div>\n\t\t\t\t<\/div>\n\t\t\t\t\t<\/div>\n\t\t\t\t<\/div>\n\t\t\t\t<\/div>\n\t\t","protected":false},"excerpt":{"rendered":"<p>Fa\u00e7a sua oferta para compra ou venda de moeda estrangeira<\/p>\n","protected":false},"author":1,"featured_media":0,"parent":0,"menu_order":0,"comment_status":"closed","ping_status":"closed","template":"elementor_header_footer","meta":{"ocean_post_layout":"","ocean_both_sidebars_style":"","ocean_both_sidebars_content_width":0,"ocean_both_sidebars_sidebars_width":0,"ocean_sidebar":"0","ocean_second_sidebar":"0","ocean_disable_margins":"enable","ocean_add_body_class":"","ocean_shortcode_before_top_bar":"","ocean_shortcode_after_top_bar":"","ocean_shortcode_before_header":"","ocean_shortcode_after_header":"","ocean_has_shortcode":"","ocean_shortcode_after_title":"","ocean_shortcode_before_footer_widgets":"","ocean_shortcode_after_footer_widgets":"","ocean_shortcode_before_footer_bottom":"","ocean_shortcode_after_footer_bottom":"","ocean_display_top_bar":"default","ocean_display_header":"default","ocean_header_style":"","ocean_center_header_left_menu":"0","ocean_custom_header_template":"0","ocean_custom_logo":0,"ocean_custom_retina_logo":0,"ocean_custom_logo_max_width":0,"ocean_custom_logo_tablet_max_width":0,"ocean_custom_logo_mobile_max_width":0,"ocean_custom_logo_max_height":0,"ocean_custom_logo_tablet_max_height":0,"ocean_custom_logo_mobile_max_height":0,"ocean_header_custom_menu":"0","ocean_menu_typo_font_family":"0","ocean_menu_typo_font_subset":"","ocean_menu_typo_font_size":0,"ocean_menu_typo_font_size_tablet":0,"ocean_menu_typo_font_size_mobile":0,"ocean_menu_typo_font_size_unit":"px","ocean_menu_typo_font_weight":"","ocean_menu_typo_font_weight_tablet":"","ocean_menu_typo_font_weight_mobile":"","ocean_menu_typo_transform":"","ocean_menu_typo_transform_tablet":"","ocean_menu_typo_transform_mobile":"","ocean_menu_typo_line_height":0,"ocean_menu_typo_line_height_tablet":0,"ocean_menu_typo_line_height_mobile":0,"ocean_menu_typo_line_height_unit":"","ocean_menu_typo_spacing":0,"ocean_menu_typo_spacing_tablet":0,"ocean_menu_typo_spacing_mobile":0,"ocean_menu_typo_spacing_unit":"","ocean_menu_link_color":"","ocean_menu_link_color_hover":"","ocean_menu_link_color_active":"","ocean_menu_link_background":"","ocean_menu_link_hover_background":"","ocean_menu_link_active_background":"","ocean_menu_social_links_bg":"","ocean_menu_social_hover_links_bg":"","ocean_menu_social_links_color":"","ocean_menu_social_hover_links_color":"","ocean_disable_title":"on","ocean_disable_heading":"default","ocean_post_title":"","ocean_post_subheading":"","ocean_post_title_style":"","ocean_post_title_background_color":"","ocean_post_title_background":0,"ocean_post_title_bg_image_position":"","ocean_post_title_bg_image_attachment":"","ocean_post_title_bg_image_repeat":"","ocean_post_title_bg_image_size":"","ocean_post_title_height":0,"ocean_post_title_bg_overlay":0.5,"ocean_post_title_bg_overlay_color":"","ocean_disable_breadcrumbs":"off","ocean_breadcrumbs_color":"","ocean_breadcrumbs_separator_color":"","ocean_breadcrumbs_links_color":"","ocean_breadcrumbs_links_hover_color":"","ocean_display_footer_widgets":"default","ocean_display_footer_bottom":"default","ocean_custom_footer_template":"0","footnotes":""},"class_list":["post-2331","page","type-page","status-publish","hentry","entry"],"yoast_head":"<!-- This site is optimized with the Yoast SEO plugin v27.4 - https:\/\/yoast.com\/product\/yoast-seo-wordpress\/ -->\n<title>Fa\u00e7a sua oferta para comprar ou vender moeda estrangeira - Senhor Moeda C\u00e2mbio<\/title>\n<meta name=\"description\" content=\"Oferecemos a op\u00e7\u00e3o de negocia\u00e7\u00e3o pra voc\u00ea fa\u00e7a uma oferta de compra ou venda de moeda estrangeira, como d\u00f3lar, euro, libra e outras moedas.\" \/>\n<meta name=\"robots\" content=\"index, follow, max-snippet:-1, max-image-preview:large, max-video-preview:-1\" \/>\n<link rel=\"canonical\" href=\"https:\/\/www.senhormoeda.com.br\/campinas\/faca-sua-oferta\/\" \/>\n<meta property=\"og:locale\" content=\"pt_PT\" \/>\n<meta property=\"og:type\" content=\"article\" \/>\n<meta property=\"og:title\" content=\"Fa\u00e7a sua oferta para comprar ou vender moeda estrangeira - Senhor Moeda C\u00e2mbio\" \/>\n<meta property=\"og:description\" content=\"Oferecemos a op\u00e7\u00e3o de negocia\u00e7\u00e3o pra voc\u00ea fa\u00e7a uma oferta de compra ou venda de moeda estrangeira, como d\u00f3lar, euro, libra e outras moedas.\" \/>\n<meta property=\"og:url\" content=\"https:\/\/www.senhormoeda.com.br\/campinas\/faca-sua-oferta\/\" \/>\n<meta property=\"og:site_name\" content=\"Senhor Moeda C\u00e2mbio\" \/>\n<meta property=\"article:modified_time\" content=\"2025-12-02T15:33:10+00:00\" \/>\n<meta name=\"twitter:card\" content=\"summary_large_image\" \/>\n<meta name=\"twitter:label1\" content=\"Tempo estimado de leitura\" \/>\n\t<meta name=\"twitter:data1\" content=\"1 minuto\" \/>\n<script type=\"application\/ld+json\" class=\"yoast-schema-graph\">{\"@context\":\"https:\\\/\\\/schema.org\",\"@graph\":[{\"@type\":\"WebPage\",\"@id\":\"https:\\\/\\\/www.senhormoeda.com.br\\\/campinas\\\/faca-sua-oferta\\\/\",\"url\":\"https:\\\/\\\/www.senhormoeda.com.br\\\/campinas\\\/faca-sua-oferta\\\/\",\"name\":\"Fa\u00e7a sua oferta para comprar ou vender moeda estrangeira - Senhor Moeda C\u00e2mbio\",\"isPartOf\":{\"@id\":\"https:\\\/\\\/www.senhormoeda.com.br\\\/campinas\\\/#website\"},\"datePublished\":\"2024-03-28T12:51:18+00:00\",\"dateModified\":\"2025-12-02T15:33:10+00:00\",\"description\":\"Oferecemos a op\u00e7\u00e3o de negocia\u00e7\u00e3o pra voc\u00ea fa\u00e7a uma oferta de compra ou venda de moeda estrangeira, como d\u00f3lar, euro, libra e outras moedas.\",\"inLanguage\":\"pt-PT\",\"potentialAction\":[{\"@type\":\"ReadAction\",\"target\":[\"https:\\\/\\\/www.senhormoeda.com.br\\\/campinas\\\/faca-sua-oferta\\\/\"]}]},{\"@type\":\"WebSite\",\"@id\":\"https:\\\/\\\/www.senhormoeda.com.br\\\/campinas\\\/#website\",\"url\":\"https:\\\/\\\/www.senhormoeda.com.br\\\/campinas\\\/\",\"name\":\"Senhor Moeda C\u00e2mbio\",\"description\":\"Compra e Venda de moeda estrangeira\",\"potentialAction\":[{\"@type\":\"SearchAction\",\"target\":{\"@type\":\"EntryPoint\",\"urlTemplate\":\"https:\\\/\\\/www.senhormoeda.com.br\\\/campinas\\\/?s={search_term_string}\"},\"query-input\":{\"@type\":\"PropertyValueSpecification\",\"valueRequired\":true,\"valueName\":\"search_term_string\"}}],\"inLanguage\":\"pt-PT\"}]}<\/script>\n<!-- \/ Yoast SEO plugin. -->","yoast_head_json":{"title":"Fa\u00e7a sua oferta para comprar ou vender moeda estrangeira - Senhor Moeda C\u00e2mbio","description":"Oferecemos a op\u00e7\u00e3o de negocia\u00e7\u00e3o pra voc\u00ea fa\u00e7a uma oferta de compra ou venda de moeda estrangeira, como d\u00f3lar, euro, libra e outras moedas.","robots":{"index":"index","follow":"follow","max-snippet":"max-snippet:-1","max-image-preview":"max-image-preview:large","max-video-preview":"max-video-preview:-1"},"canonical":"https:\/\/www.senhormoeda.com.br\/campinas\/faca-sua-oferta\/","og_locale":"pt_PT","og_type":"article","og_title":"Fa\u00e7a sua oferta para comprar ou vender moeda estrangeira - Senhor Moeda C\u00e2mbio","og_description":"Oferecemos a op\u00e7\u00e3o de negocia\u00e7\u00e3o pra voc\u00ea fa\u00e7a uma oferta de compra ou venda de moeda estrangeira, como d\u00f3lar, euro, libra e outras moedas.","og_url":"https:\/\/www.senhormoeda.com.br\/campinas\/faca-sua-oferta\/","og_site_name":"Senhor Moeda C\u00e2mbio","article_modified_time":"2025-12-02T15:33:10+00:00","twitter_card":"summary_large_image","twitter_misc":{"Tempo estimado de leitura":"1 minuto"},"schema":{"@context":"https:\/\/schema.org","@graph":[{"@type":"WebPage","@id":"https:\/\/www.senhormoeda.com.br\/campinas\/faca-sua-oferta\/","url":"https:\/\/www.senhormoeda.com.br\/campinas\/faca-sua-oferta\/","name":"Fa\u00e7a sua oferta para comprar ou vender moeda estrangeira - Senhor Moeda C\u00e2mbio","isPartOf":{"@id":"https:\/\/www.senhormoeda.com.br\/campinas\/#website"},"datePublished":"2024-03-28T12:51:18+00:00","dateModified":"2025-12-02T15:33:10+00:00","description":"Oferecemos a op\u00e7\u00e3o de negocia\u00e7\u00e3o pra voc\u00ea fa\u00e7a uma oferta de compra ou venda de moeda estrangeira, como d\u00f3lar, euro, libra e outras moedas.","inLanguage":"pt-PT","potentialAction":[{"@type":"ReadAction","target":["https:\/\/www.senhormoeda.com.br\/campinas\/faca-sua-oferta\/"]}]},{"@type":"WebSite","@id":"https:\/\/www.senhormoeda.com.br\/campinas\/#website","url":"https:\/\/www.senhormoeda.com.br\/campinas\/","name":"Senhor Moeda C\u00e2mbio","description":"Compra e Venda de moeda estrangeira","potentialAction":[{"@type":"SearchAction","target":{"@type":"EntryPoint","urlTemplate":"https:\/\/www.senhormoeda.com.br\/campinas\/?s={search_term_string}"},"query-input":{"@type":"PropertyValueSpecification","valueRequired":true,"valueName":"search_term_string"}}],"inLanguage":"pt-PT"}]}},"_links":{"self":[{"href":"https:\/\/www.senhormoeda.com.br\/campinas\/wp-json\/wp\/v2\/pages\/2331","targetHints":{"allow":["GET"]}}],"collection":[{"href":"https:\/\/www.senhormoeda.com.br\/campinas\/wp-json\/wp\/v2\/pages"}],"about":[{"href":"https:\/\/www.senhormoeda.com.br\/campinas\/wp-json\/wp\/v2\/types\/page"}],"author":[{"embeddable":true,"href":"https:\/\/www.senhormoeda.com.br\/campinas\/wp-json\/wp\/v2\/users\/1"}],"replies":[{"embeddable":true,"href":"https:\/\/www.senhormoeda.com.br\/campinas\/wp-json\/wp\/v2\/comments?post=2331"}],"version-history":[{"count":96,"href":"https:\/\/www.senhormoeda.com.br\/campinas\/wp-json\/wp\/v2\/pages\/2331\/revisions"}],"predecessor-version":[{"id":4450,"href":"https:\/\/www.senhormoeda.com.br\/campinas\/wp-json\/wp\/v2\/pages\/2331\/revisions\/4450"}],"wp:attachment":[{"href":"https:\/\/www.senhormoeda.com.br\/campinas\/wp-json\/wp\/v2\/media?parent=2331"}],"curies":[{"name":"wp","href":"https:\/\/api.w.org\/{rel}","templated":true}]}}