{"id":3342,"date":"2024-06-06T18:08:48","date_gmt":"2024-06-06T18:08:48","guid":{"rendered":"https:\/\/www.senhormoeda.com.br\/campinas\/?page_id=3342"},"modified":"2025-11-18T18:42:43","modified_gmt":"2025-11-18T18:42:43","slug":"politicas-da-empresa","status":"publish","type":"page","link":"https:\/\/www.senhormoeda.com.br\/campinas\/politicas-da-empresa\/","title":{"rendered":"Pol\u00edticas da Empresa"},"content":{"rendered":"\t\t<div data-elementor-type=\"wp-page\" data-elementor-id=\"3342\" class=\"elementor elementor-3342\">\n\t\t\t\t<div class=\"elementor-element elementor-element-4b2a7809 e-con-full e-flex e-con e-parent\" data-id=\"4b2a7809\" data-element_type=\"container\">\n\t\t\t\t<div class=\"elementor-element elementor-element-6089f6c elementor-widget elementor-widget-image\" data-id=\"6089f6c\" data-element_type=\"widget\" data-widget_type=\"image.default\">\n\t\t\t\t<div class=\"elementor-widget-container\">\n\t\t\t\t\t\t\t\t\t\t\t\t\t\t\t<img fetchpriority=\"high\" decoding=\"async\" width=\"1218\" height=\"303\" src=\"https:\/\/www.senhormoeda.com.br\/campinas\/wp-content\/uploads\/2024\/03\/banner-empresa.webp\" class=\"attachment-full size-full wp-image-27\" alt=\"\" srcset=\"https:\/\/www.senhormoeda.com.br\/campinas\/wp-content\/uploads\/2024\/03\/banner-empresa.webp 1218w, https:\/\/www.senhormoeda.com.br\/campinas\/wp-content\/uploads\/2024\/03\/banner-empresa-300x75.webp 300w, https:\/\/www.senhormoeda.com.br\/campinas\/wp-content\/uploads\/2024\/03\/banner-empresa-1024x255.webp 1024w, https:\/\/www.senhormoeda.com.br\/campinas\/wp-content\/uploads\/2024\/03\/banner-empresa-768x191.webp 768w\" sizes=\"(max-width: 1218px) 100vw, 1218px\" \/>\t\t\t\t\t\t\t\t\t\t\t\t\t\t\t<\/div>\n\t\t\t\t<\/div>\n\t\t\t\t<\/div>\n\t\t<div class=\"elementor-element elementor-element-34e1efcc e-flex e-con-boxed e-con e-parent\" data-id=\"34e1efcc\" data-element_type=\"container\">\n\t\t\t\t\t<div class=\"e-con-inner\">\n\t\t\t\t<div class=\"elementor-element elementor-element-6956536a elementor-widget elementor-widget-heading\" data-id=\"6956536a\" data-element_type=\"widget\" data-widget_type=\"heading.default\">\n\t\t\t\t<div class=\"elementor-widget-container\">\n\t\t\t\t\t<h1 class=\"elementor-heading-title elementor-size-default\">Pol\u00edticas da Empresa<\/h1>\t\t\t\t<\/div>\n\t\t\t\t<\/div>\n\t\t\t\t<div class=\"elementor-element elementor-element-20103f53 elementor-widget elementor-widget-text-editor\" data-id=\"20103f53\" data-element_type=\"widget\" data-widget_type=\"text-editor.default\">\n\t\t\t\t<div class=\"elementor-widget-container\">\n\t\t\t\t\t\t\t\t\t<p><b>Cadastro<\/b><span style=\"font-weight: 400;\">: Para garantir a seguran\u00e7a e a conformidade com as regulamenta\u00e7\u00f5es, todos os clientes s\u00e3o obrigados a se cadastrar antes de realizar transa\u00e7\u00f5es em nosso site. O cadastro inclui a verifica\u00e7\u00e3o de identidade e n\u00e3o pode ser realizado em nome de terceiros, garantindo a integridade de nossos servi\u00e7os e a seguran\u00e7a dos clientes. Al\u00e9m disso, o cadastro precisa ser atualizado periodicamente. Documentos adicionais podem ser solicitados conforme a opera\u00e7\u00e3o.\u00a0<\/span><\/p><p><b>Entregas<\/b><span style=\"font-weight: 400;\">: Nossa empresa se compromete a fornecer servi\u00e7os de entrega r\u00e1pidos e seguros para todas as transa\u00e7\u00f5es de moeda estrangeira. Garantimos que suas ordens sejam entregues no prazo acordado e em perfeitas condi\u00e7\u00f5es, proporcionando uma experi\u00eancia de servi\u00e7o excepcional. Para verificar se entregamos no seu endere\u00e7o fale com um dos nossos especialistas e consulte os pre\u00e7os e os prazos estabelecidos.\u00a0<\/span><\/p><p><b>Entregas para Terceiros<\/b><span style=\"font-weight: 400;\">: Para proporcionar maior comodidade aos nossos clientes, oferecemos a op\u00e7\u00e3o de entrega de moeda estrangeira para terceiros. Para utilizar este servi\u00e7o, \u00e9 necess\u00e1rio o preenchimento de uma autoriza\u00e7\u00e3o de retirada e o envio antecipado do boleto assinado pelo titular da compra. Dessa forma, garantimos a seguran\u00e7a e a integridade da opera\u00e7\u00e3o.<\/span><\/p><p><b>Retirada<\/b><span style=\"font-weight: 400;\">: Para realizar a retirada de moedas estrangeiras \u00e9 necess\u00e1rio apresentar o documento de identifica\u00e7\u00e3o original com foto. A moeda estrangeira deve ser retirada em at\u00e9 30 dias ap\u00f3s a compra. Ap\u00f3s esse prazo, podem ser cobradas taxas sobre o valor armazenado.<\/span><\/p><p><b>Retirada de Terceiros<\/b><span style=\"font-weight: 400;\">: Para facilitar as transa\u00e7\u00f5es, permitimos que terceiros autorizados retirem moeda estrangeira em nome de nossos clientes. Para garantir a seguran\u00e7a e a integridade da opera\u00e7\u00e3o, \u00e9 necess\u00e1rio preencher uma autoriza\u00e7\u00e3o de retirada e enviar antecipadamente o boleto assinado pelo titular da compra. No ato da retirada, a pessoa autorizada deve apresentar um documento original com foto. Documentos complementares podem ser solicitados sem aviso pr\u00e9vio.\u00a0<\/span><\/p><p><b>Pagamentos<\/b><span style=\"font-weight: 400;\">: Aceitamos uma variedade de m\u00e9todos de pagamento para facilitar suas transa\u00e7\u00f5es de c\u00e2mbio de moeda estrangeira e outros servi\u00e7os. Oferecemos op\u00e7\u00f5es como transfer\u00eancias banc\u00e1rias e pagamentos em dinheiro, garantindo uma experi\u00eancia r\u00e1pida, conveniente e segura. Consulte um de nossos especialistas para conhecer os tipos de pagamento dispon\u00edveis para cada servi\u00e7o.\u00a0<\/span><\/p><p><b>Encomenda de Moedas Ex\u00f3ticas<\/b><span style=\"font-weight: 400;\">: Al\u00e9m das principais moedas estrangeiras, oferecemos servi\u00e7os de encomenda para moedas ex\u00f3ticas, contando com mais de 20 moedas de diferentes pa\u00edses, que precisam ser solicitadas ao Banco devido \u00e0 sua baixa liquidez. Nossa equipe est\u00e1 dispon\u00edvel para ajud\u00e1-lo a encontrar e adquirir a moeda desejada, proporcionando acesso a uma ampla gama de op\u00e7\u00f5es de c\u00e2mbio. Consulte nossos especialistas sobre a moeda que voc\u00ea precisa e informaremos o melhor prazo para realizar a encomenda. \u00c9 importante lembrar que aceitamos encomendas at\u00e9 as 16 horas, de segunda a sexta-feira, e apenas com o cadastro e o pagamento confirmados.\u00a0<\/span><\/p><p><b>Pol\u00edtica de Estorno<\/b><span style=\"font-weight: 400;\">: Comprometidos com a satisfa\u00e7\u00e3o de nossos clientes, oferecemos a op\u00e7\u00e3o de estorno para transa\u00e7\u00f5es realizadas no mesmo dia \u00fatil, desde que a opera\u00e7\u00e3o n\u00e3o tenha sido efetivada. O estorno ser\u00e1 processado em at\u00e9 1 dia \u00fatil, com o pagamento realizado at\u00e9 as 18 horas, de segunda a sexta-feira. Para efetuarmos o estorno, \u00e9 necess\u00e1rio que o pagamento tenha sido confirmado em nossa conta banc\u00e1ria previamente. Lembramos que o estorno \u00e9 devolvido para conta de origem.Tarifas banc\u00e1rias podem ser descontadas.<\/span><span style=\"font-weight: 400;\"><br \/><\/span><b><\/b><\/p><p><b>Pol\u00edtica de Privacidade e Prote\u00e7\u00e3o de Dados<\/b><span style=\"font-weight: 400;\">: Coletamos, armazenamos e usamos os dados pessoais dos clientes de acordo com as leis de prote\u00e7\u00e3o de dados (LGPD), garantindo a confidencialidade e a seguran\u00e7a das informa\u00e7\u00f5es.<\/span><\/p><p><b>Atendimento ao Cliente<\/b><span style=\"font-weight: 400;\">: Nosso atendimento ao cliente est\u00e1 dispon\u00edvel para suporte, de segunda a sexta-feira, das 9h \u00e0s 18h. Esperamos responder a todas as consultas em at\u00e9 24 horas \u00fateis.<\/span><\/p><p><b>Pol\u00edtica de Cancelamento<\/b><span style=\"font-weight: 400;\">: N\u00e3o \u00e9 poss\u00edvel cancelar a contrata\u00e7\u00e3o de uma opera\u00e7\u00e3o de c\u00e2mbio ap\u00f3s o seu fechamento.<\/span><\/p><p><b>Pol\u00edtica de Reclama\u00e7\u00f5es e Solu\u00e7\u00e3o de Conflitos<\/b><span style=\"font-weight: 400;\">: Se tiver alguma reclama\u00e7\u00e3o, entre em contato conosco. Nos comprometemos a resolver todas as quest\u00f5es de forma justa e eficiente.<\/span><\/p><p><b>Taxas e Encargos<\/b><span style=\"font-weight: 400;\">: Informamos sobre quaisquer taxas ou encargos adicionais aplic\u00e1veis \u00e0s transa\u00e7\u00f5es e servi\u00e7os oferecidos. Consulte nossos especialistas para mais detalhes.<\/span><\/p><p style=\"text-align: center;\"><b>N\u00e3o encontrou o que estava procurando?<\/b><b><br \/><\/b><b>Fale com um dos nossos especialistas.<\/b><b><br \/><\/b><b><br \/><\/b><b>Telefone e Whatsapp <\/b><b><br \/><\/b>(19) 2513-0099<br \/>(19) 2513-5300<br \/>(19) 2513-5200<b><br \/><\/b><b><br \/><\/b><b>E-mail<\/b><b><br \/><\/b>atendimento@senhormoeda.com.br<\/p>\t\t\t\t\t\t\t\t<\/div>\n\t\t\t\t<\/div>\n\t\t\t\t\t<\/div>\n\t\t\t\t<\/div>\n\t\t\t\t<\/div>\n\t\t","protected":false},"excerpt":{"rendered":"<p>Pol\u00edticas da Empresa Cadastro: Para garantir a seguran\u00e7a e a conformidade com as regulamenta\u00e7\u00f5es, todos os clientes s\u00e3o obrigados a se cadastrar antes de realizar transa\u00e7\u00f5es em nosso site. O cadastro inclui a verifica\u00e7\u00e3o de identidade e n\u00e3o pode ser realizado em nome de terceiros, garantindo a integridade de nossos servi\u00e7os e a seguran\u00e7a dos [&hellip;]<\/p>\n","protected":false},"author":1,"featured_media":0,"parent":0,"menu_order":0,"comment_status":"closed","ping_status":"closed","template":"elementor_header_footer","meta":{"ocean_post_layout":"","ocean_both_sidebars_style":"","ocean_both_sidebars_content_width":0,"ocean_both_sidebars_sidebars_width":0,"ocean_sidebar":"0","ocean_second_sidebar":"0","ocean_disable_margins":"enable","ocean_add_body_class":"","ocean_shortcode_before_top_bar":"","ocean_shortcode_after_top_bar":"","ocean_shortcode_before_header":"","ocean_shortcode_after_header":"","ocean_has_shortcode":"","ocean_shortcode_after_title":"","ocean_shortcode_before_footer_widgets":"","ocean_shortcode_after_footer_widgets":"","ocean_shortcode_before_footer_bottom":"","ocean_shortcode_after_footer_bottom":"","ocean_display_top_bar":"default","ocean_display_header":"default","ocean_header_style":"","ocean_center_header_left_menu":"0","ocean_custom_header_template":"0","ocean_custom_logo":0,"ocean_custom_retina_logo":0,"ocean_custom_logo_max_width":0,"ocean_custom_logo_tablet_max_width":0,"ocean_custom_logo_mobile_max_width":0,"ocean_custom_logo_max_height":0,"ocean_custom_logo_tablet_max_height":0,"ocean_custom_logo_mobile_max_height":0,"ocean_header_custom_menu":"0","ocean_menu_typo_font_family":"0","ocean_menu_typo_font_subset":"","ocean_menu_typo_font_size":0,"ocean_menu_typo_font_size_tablet":0,"ocean_menu_typo_font_size_mobile":0,"ocean_menu_typo_font_size_unit":"px","ocean_menu_typo_font_weight":"","ocean_menu_typo_font_weight_tablet":"","ocean_menu_typo_font_weight_mobile":"","ocean_menu_typo_transform":"","ocean_menu_typo_transform_tablet":"","ocean_menu_typo_transform_mobile":"","ocean_menu_typo_line_height":0,"ocean_menu_typo_line_height_tablet":0,"ocean_menu_typo_line_height_mobile":0,"ocean_menu_typo_line_height_unit":"","ocean_menu_typo_spacing":0,"ocean_menu_typo_spacing_tablet":0,"ocean_menu_typo_spacing_mobile":0,"ocean_menu_typo_spacing_unit":"","ocean_menu_link_color":"","ocean_menu_link_color_hover":"","ocean_menu_link_color_active":"","ocean_menu_link_background":"","ocean_menu_link_hover_background":"","ocean_menu_link_active_background":"","ocean_menu_social_links_bg":"","ocean_menu_social_hover_links_bg":"","ocean_menu_social_links_color":"","ocean_menu_social_hover_links_color":"","ocean_disable_title":"on","ocean_disable_heading":"default","ocean_post_title":"","ocean_post_subheading":"","ocean_post_title_style":"","ocean_post_title_background_color":"","ocean_post_title_background":0,"ocean_post_title_bg_image_position":"","ocean_post_title_bg_image_attachment":"","ocean_post_title_bg_image_repeat":"","ocean_post_title_bg_image_size":"","ocean_post_title_height":0,"ocean_post_title_bg_overlay":0.5,"ocean_post_title_bg_overlay_color":"","ocean_disable_breadcrumbs":"default","ocean_breadcrumbs_color":"","ocean_breadcrumbs_separator_color":"","ocean_breadcrumbs_links_color":"","ocean_breadcrumbs_links_hover_color":"","ocean_display_footer_widgets":"default","ocean_display_footer_bottom":"default","ocean_custom_footer_template":"0","footnotes":""},"class_list":["post-3342","page","type-page","status-publish","hentry","entry"],"yoast_head":"<!-- This site is optimized with the Yoast SEO plugin v27.5 - https:\/\/yoast.com\/product\/yoast-seo-wordpress\/ -->\n<title>Pol\u00edticas da Empresa - Senhor Moeda C\u00e2mbio<\/title>\n<meta name=\"robots\" content=\"index, follow, max-snippet:-1, max-image-preview:large, max-video-preview:-1\" \/>\n<link rel=\"canonical\" href=\"https:\/\/www.senhormoeda.com.br\/campinas\/politicas-da-empresa\/\" \/>\n<meta property=\"og:locale\" content=\"pt_PT\" \/>\n<meta property=\"og:type\" content=\"article\" \/>\n<meta property=\"og:title\" content=\"Pol\u00edticas da Empresa - Senhor Moeda C\u00e2mbio\" \/>\n<meta property=\"og:description\" content=\"Pol\u00edticas da Empresa Cadastro: Para garantir a seguran\u00e7a e a conformidade com as regulamenta\u00e7\u00f5es, todos os clientes s\u00e3o obrigados a se cadastrar antes de realizar transa\u00e7\u00f5es em nosso site. O cadastro inclui a verifica\u00e7\u00e3o de identidade e n\u00e3o pode ser realizado em nome de terceiros, garantindo a integridade de nossos servi\u00e7os e a seguran\u00e7a dos [&hellip;]\" \/>\n<meta property=\"og:url\" content=\"https:\/\/www.senhormoeda.com.br\/campinas\/politicas-da-empresa\/\" \/>\n<meta property=\"og:site_name\" content=\"Senhor Moeda C\u00e2mbio\" \/>\n<meta property=\"article:modified_time\" content=\"2025-11-18T18:42:43+00:00\" \/>\n<meta property=\"og:image\" content=\"https:\/\/www.senhormoeda.com.br\/campinas\/wp-content\/uploads\/2024\/03\/banner-empresa.webp\" \/>\n\t<meta property=\"og:image:width\" content=\"1218\" \/>\n\t<meta property=\"og:image:height\" content=\"303\" \/>\n\t<meta property=\"og:image:type\" content=\"image\/webp\" \/>\n<meta name=\"twitter:card\" content=\"summary_large_image\" \/>\n<meta name=\"twitter:label1\" content=\"Tempo estimado de leitura\" \/>\n\t<meta name=\"twitter:data1\" content=\"4 minutos\" \/>\n<script type=\"application\/ld+json\" class=\"yoast-schema-graph\">{\"@context\":\"https:\\\/\\\/schema.org\",\"@graph\":[{\"@type\":\"WebPage\",\"@id\":\"https:\\\/\\\/www.senhormoeda.com.br\\\/campinas\\\/politicas-da-empresa\\\/\",\"url\":\"https:\\\/\\\/www.senhormoeda.com.br\\\/campinas\\\/politicas-da-empresa\\\/\",\"name\":\"Pol\u00edticas da Empresa - Senhor Moeda C\u00e2mbio\",\"isPartOf\":{\"@id\":\"https:\\\/\\\/www.senhormoeda.com.br\\\/campinas\\\/#website\"},\"primaryImageOfPage\":{\"@id\":\"https:\\\/\\\/www.senhormoeda.com.br\\\/campinas\\\/politicas-da-empresa\\\/#primaryimage\"},\"image\":{\"@id\":\"https:\\\/\\\/www.senhormoeda.com.br\\\/campinas\\\/politicas-da-empresa\\\/#primaryimage\"},\"thumbnailUrl\":\"https:\\\/\\\/www.senhormoeda.com.br\\\/campinas\\\/wp-content\\\/uploads\\\/2024\\\/03\\\/banner-empresa.webp\",\"datePublished\":\"2024-06-06T18:08:48+00:00\",\"dateModified\":\"2025-11-18T18:42:43+00:00\",\"inLanguage\":\"pt-PT\",\"potentialAction\":[{\"@type\":\"ReadAction\",\"target\":[\"https:\\\/\\\/www.senhormoeda.com.br\\\/campinas\\\/politicas-da-empresa\\\/\"]}]},{\"@type\":\"ImageObject\",\"inLanguage\":\"pt-PT\",\"@id\":\"https:\\\/\\\/www.senhormoeda.com.br\\\/campinas\\\/politicas-da-empresa\\\/#primaryimage\",\"url\":\"https:\\\/\\\/www.senhormoeda.com.br\\\/campinas\\\/wp-content\\\/uploads\\\/2024\\\/03\\\/banner-empresa.webp\",\"contentUrl\":\"https:\\\/\\\/www.senhormoeda.com.br\\\/campinas\\\/wp-content\\\/uploads\\\/2024\\\/03\\\/banner-empresa.webp\",\"width\":1218,\"height\":303},{\"@type\":\"WebSite\",\"@id\":\"https:\\\/\\\/www.senhormoeda.com.br\\\/campinas\\\/#website\",\"url\":\"https:\\\/\\\/www.senhormoeda.com.br\\\/campinas\\\/\",\"name\":\"Senhor Moeda C\u00e2mbio\",\"description\":\"Compra e Venda de moeda estrangeira\",\"potentialAction\":[{\"@type\":\"SearchAction\",\"target\":{\"@type\":\"EntryPoint\",\"urlTemplate\":\"https:\\\/\\\/www.senhormoeda.com.br\\\/campinas\\\/?s={search_term_string}\"},\"query-input\":{\"@type\":\"PropertyValueSpecification\",\"valueRequired\":true,\"valueName\":\"search_term_string\"}}],\"inLanguage\":\"pt-PT\"}]}<\/script>\n<!-- \/ Yoast SEO plugin. -->","yoast_head_json":{"title":"Pol\u00edticas da Empresa - Senhor Moeda C\u00e2mbio","robots":{"index":"index","follow":"follow","max-snippet":"max-snippet:-1","max-image-preview":"max-image-preview:large","max-video-preview":"max-video-preview:-1"},"canonical":"https:\/\/www.senhormoeda.com.br\/campinas\/politicas-da-empresa\/","og_locale":"pt_PT","og_type":"article","og_title":"Pol\u00edticas da Empresa - Senhor Moeda C\u00e2mbio","og_description":"Pol\u00edticas da Empresa Cadastro: Para garantir a seguran\u00e7a e a conformidade com as regulamenta\u00e7\u00f5es, todos os clientes s\u00e3o obrigados a se cadastrar antes de realizar transa\u00e7\u00f5es em nosso site. O cadastro inclui a verifica\u00e7\u00e3o de identidade e n\u00e3o pode ser realizado em nome de terceiros, garantindo a integridade de nossos servi\u00e7os e a seguran\u00e7a dos [&hellip;]","og_url":"https:\/\/www.senhormoeda.com.br\/campinas\/politicas-da-empresa\/","og_site_name":"Senhor Moeda C\u00e2mbio","article_modified_time":"2025-11-18T18:42:43+00:00","og_image":[{"width":1218,"height":303,"url":"https:\/\/www.senhormoeda.com.br\/campinas\/wp-content\/uploads\/2024\/03\/banner-empresa.webp","type":"image\/webp"}],"twitter_card":"summary_large_image","twitter_misc":{"Tempo estimado de leitura":"4 minutos"},"schema":{"@context":"https:\/\/schema.org","@graph":[{"@type":"WebPage","@id":"https:\/\/www.senhormoeda.com.br\/campinas\/politicas-da-empresa\/","url":"https:\/\/www.senhormoeda.com.br\/campinas\/politicas-da-empresa\/","name":"Pol\u00edticas da Empresa - Senhor Moeda C\u00e2mbio","isPartOf":{"@id":"https:\/\/www.senhormoeda.com.br\/campinas\/#website"},"primaryImageOfPage":{"@id":"https:\/\/www.senhormoeda.com.br\/campinas\/politicas-da-empresa\/#primaryimage"},"image":{"@id":"https:\/\/www.senhormoeda.com.br\/campinas\/politicas-da-empresa\/#primaryimage"},"thumbnailUrl":"https:\/\/www.senhormoeda.com.br\/campinas\/wp-content\/uploads\/2024\/03\/banner-empresa.webp","datePublished":"2024-06-06T18:08:48+00:00","dateModified":"2025-11-18T18:42:43+00:00","inLanguage":"pt-PT","potentialAction":[{"@type":"ReadAction","target":["https:\/\/www.senhormoeda.com.br\/campinas\/politicas-da-empresa\/"]}]},{"@type":"ImageObject","inLanguage":"pt-PT","@id":"https:\/\/www.senhormoeda.com.br\/campinas\/politicas-da-empresa\/#primaryimage","url":"https:\/\/www.senhormoeda.com.br\/campinas\/wp-content\/uploads\/2024\/03\/banner-empresa.webp","contentUrl":"https:\/\/www.senhormoeda.com.br\/campinas\/wp-content\/uploads\/2024\/03\/banner-empresa.webp","width":1218,"height":303},{"@type":"WebSite","@id":"https:\/\/www.senhormoeda.com.br\/campinas\/#website","url":"https:\/\/www.senhormoeda.com.br\/campinas\/","name":"Senhor Moeda C\u00e2mbio","description":"Compra e Venda de moeda estrangeira","potentialAction":[{"@type":"SearchAction","target":{"@type":"EntryPoint","urlTemplate":"https:\/\/www.senhormoeda.com.br\/campinas\/?s={search_term_string}"},"query-input":{"@type":"PropertyValueSpecification","valueRequired":true,"valueName":"search_term_string"}}],"inLanguage":"pt-PT"}]}},"_links":{"self":[{"href":"https:\/\/www.senhormoeda.com.br\/campinas\/wp-json\/wp\/v2\/pages\/3342","targetHints":{"allow":["GET"]}}],"collection":[{"href":"https:\/\/www.senhormoeda.com.br\/campinas\/wp-json\/wp\/v2\/pages"}],"about":[{"href":"https:\/\/www.senhormoeda.com.br\/campinas\/wp-json\/wp\/v2\/types\/page"}],"author":[{"embeddable":true,"href":"https:\/\/www.senhormoeda.com.br\/campinas\/wp-json\/wp\/v2\/users\/1"}],"replies":[{"embeddable":true,"href":"https:\/\/www.senhormoeda.com.br\/campinas\/wp-json\/wp\/v2\/comments?post=3342"}],"version-history":[{"count":17,"href":"https:\/\/www.senhormoeda.com.br\/campinas\/wp-json\/wp\/v2\/pages\/3342\/revisions"}],"predecessor-version":[{"id":4393,"href":"https:\/\/www.senhormoeda.com.br\/campinas\/wp-json\/wp\/v2\/pages\/3342\/revisions\/4393"}],"wp:attachment":[{"href":"https:\/\/www.senhormoeda.com.br\/campinas\/wp-json\/wp\/v2\/media?parent=3342"}],"curies":[{"name":"wp","href":"https:\/\/api.w.org\/{rel}","templated":true}]}}