{"id":3695,"date":"2024-07-12T13:25:03","date_gmt":"2024-07-12T13:25:03","guid":{"rendered":"https:\/\/www.senhormoeda.com.br\/campinas\/?page_id=3695"},"modified":"2025-11-18T18:40:28","modified_gmt":"2025-11-18T18:40:28","slug":"casa-de-cambio-em-campinas","status":"publish","type":"page","link":"https:\/\/www.senhormoeda.com.br\/campinas\/casa-de-cambio-em-campinas\/","title":{"rendered":"Sua melhor casa de c\u00e2mbio em campinas"},"content":{"rendered":"\t\t<div data-elementor-type=\"wp-page\" data-elementor-id=\"3695\" class=\"elementor elementor-3695\">\n\t\t\t\t<div class=\"elementor-element elementor-element-60022272 e-con-full e-flex e-con e-parent\" data-id=\"60022272\" data-element_type=\"container\">\n\t\t\t\t<div class=\"elementor-element elementor-element-48423ac3 elementor-widget elementor-widget-image\" data-id=\"48423ac3\" data-element_type=\"widget\" data-widget_type=\"image.default\">\n\t\t\t\t<div class=\"elementor-widget-container\">\n\t\t\t\t\t\t\t\t\t\t\t\t\t\t\t<img fetchpriority=\"high\" decoding=\"async\" width=\"1218\" height=\"303\" src=\"https:\/\/www.senhormoeda.com.br\/campinas\/wp-content\/uploads\/2024\/03\/banner-empresa.webp\" class=\"attachment-full size-full wp-image-27\" alt=\"\" srcset=\"https:\/\/www.senhormoeda.com.br\/campinas\/wp-content\/uploads\/2024\/03\/banner-empresa.webp 1218w, https:\/\/www.senhormoeda.com.br\/campinas\/wp-content\/uploads\/2024\/03\/banner-empresa-300x75.webp 300w, https:\/\/www.senhormoeda.com.br\/campinas\/wp-content\/uploads\/2024\/03\/banner-empresa-1024x255.webp 1024w, https:\/\/www.senhormoeda.com.br\/campinas\/wp-content\/uploads\/2024\/03\/banner-empresa-768x191.webp 768w\" sizes=\"(max-width: 1218px) 100vw, 1218px\" \/>\t\t\t\t\t\t\t\t\t\t\t\t\t\t\t<\/div>\n\t\t\t\t<\/div>\n\t\t\t\t<\/div>\n\t\t<div class=\"elementor-element elementor-element-1c5cae53 e-flex e-con-boxed e-con e-parent\" data-id=\"1c5cae53\" data-element_type=\"container\">\n\t\t\t\t\t<div class=\"e-con-inner\">\n\t\t\t\t<div class=\"elementor-element elementor-element-49050c62 elementor-widget elementor-widget-heading\" data-id=\"49050c62\" data-element_type=\"widget\" data-widget_type=\"heading.default\">\n\t\t\t\t<div class=\"elementor-widget-container\">\n\t\t\t\t\t<h1 class=\"elementor-heading-title elementor-size-default\">Sua casa de c\u00e2mbio em Campinas<\/h1>\t\t\t\t<\/div>\n\t\t\t\t<\/div>\n\t\t\t\t<div class=\"elementor-element elementor-element-706c3d25 elementor-widget elementor-widget-text-editor\" data-id=\"706c3d25\" data-element_type=\"widget\" data-widget_type=\"text-editor.default\">\n\t\t\t\t<div class=\"elementor-widget-container\">\n\t\t\t\t\t\t\t\t\t<p><span style=\"font-weight: 400;\">Especialistas em C\u00e2mbio na cidade de Campinas, garantimos servi\u00e7os financeiros excepcionais desde 2011, comprometidos com as melhores taxas e solu\u00e7\u00f5es personalizadas para voc\u00ea! <\/span><\/p><p><span style=\"font-weight: 400;\">Oferecemos servi\u00e7os de<span style=\"text-decoration: underline;\"><a href=\"\/moeda-em-especie\"> compra e venda de moeda estrangeira em esp\u00e9cie<\/a><\/span> , entre elas:<\/span><\/p><ul><li><span style=\"text-decoration: underline;\"><a href=\"https:\/\/www.senhormoeda.com.br\/campinas\/comprar-dolar-americano\/\">D\u00f3lar americano;<\/a><\/span><\/li><li><span style=\"text-decoration: underline;\"><span style=\"font-weight: 400;\"><a href=\"https:\/\/www.senhormoeda.com.br\/campinas\/comprar-euro\/\">Euro;<\/a><\/span><\/span><\/li><li><span style=\"text-decoration: underline;\"><span style=\"font-weight: 400;\"><a href=\"https:\/\/www.senhormoeda.com.br\/campinas\/comprar-libra-esterlina\/\">Libra esterlina;<\/a><\/span><\/span><\/li><li><span style=\"text-decoration: underline;\"><span style=\"font-weight: 400;\"><a href=\"https:\/\/www.senhormoeda.com.br\/campinas\/comprar-dolar-canadense\/\">D\u00f3lar canadense;<\/a><\/span><\/span><\/li><li><span style=\"text-decoration: underline;\"><span style=\"font-weight: 400;\"><a href=\"https:\/\/www.senhormoeda.com.br\/campinas\/comprar-dolar-australiano\/\">D\u00f3lar australiano;<\/a><\/span><\/span><\/li><li>e mais de 20 moedas;<\/li><\/ul><p>Proporcionamos praticidade nas recargas e descargas de <span style=\"text-decoration: underline;\"><a href=\"https:\/\/www.senhormoeda.com.br\/campinas\/cartao\/\">cart\u00e3o pr\u00e9-pago internacional<\/a><\/span>, garantindo seguran\u00e7a e conveni\u00eancia em suas transa\u00e7\u00f5es. Al\u00e9m disso, tamb\u00e9m somos especializados em <span style=\"text-decoration-line: underline;\"><a href=\"\/remessas-internacionais\">Remessas Internacionais<\/a><\/span>, nos certificamos que seu dinheiro chegue ao destino desejado de maneira eficiente e segura. Com servi\u00e7os de <span style=\"text-decoration-line: underline;\"><a href=\"\/seguro-viagem\">Seguro Viagem<\/a><\/span>, proporcionamos tranquilidade em suas jornadas pelo mundo. Tamb\u00e9m nos destacamos na <span style=\"text-decoration: underline;\"><a href=\"\/ouro\">compra e venda de Ouro Fino<\/a><\/span>, proporcionando uma op\u00e7\u00e3o adicional para investimentos seguros, para que possa se proteger de adversidades da economia. Fazemos tamb\u00e9m avalia\u00e7\u00f5es, de forma precisa e segura, para <span style=\"text-decoration: underline;\"><a href=\"https:\/\/www.senhormoeda.com.br\/campinas\/avaliacao-de-joias\/\">compra de suas joias de Ouro<\/a><\/span>, oferecendo um pre\u00e7o justo e uma avalia\u00e7\u00e3o totalmente transparente.<\/p><p><span style=\"font-weight: 400;\">Confie no Senhor Moeda para todas as suas necessidades cambiais!<\/span><\/p><p>Atendemos na <strong>cidade de Campinas e regi\u00e3o<\/strong> em nossa loja f\u00edsica.\u00a0<\/p><p><img decoding=\"async\" class=\"size-medium wp-image-4307 aligncenter\" src=\"https:\/\/www.senhormoeda.com.br\/campinas\/wp-content\/uploads\/2025\/06\/correspondente-banca\u0301rio-248x300.webp\" alt=\"Correspondente banc\u00e1rio\" width=\"248\" height=\"300\" srcset=\"https:\/\/www.senhormoeda.com.br\/campinas\/wp-content\/uploads\/2025\/06\/correspondente-banca\u0301rio-248x300.webp 248w, https:\/\/www.senhormoeda.com.br\/campinas\/wp-content\/uploads\/2025\/06\/correspondente-banca\u0301rio.webp 746w\" sizes=\"(max-width: 248px) 100vw, 248px\" \/><\/p>\t\t\t\t\t\t\t\t<\/div>\n\t\t\t\t<\/div>\n\t\t\t\t\t<\/div>\n\t\t\t\t<\/div>\n\t\t\t\t<\/div>\n\t\t","protected":false},"excerpt":{"rendered":"<p>Sua casa de c\u00e2mbio em Campinas Especialistas em C\u00e2mbio na cidade de Campinas, garantimos servi\u00e7os financeiros excepcionais desde 2011, comprometidos com as melhores taxas e solu\u00e7\u00f5es personalizadas para voc\u00ea! Oferecemos servi\u00e7os de compra e venda de moeda estrangeira em esp\u00e9cie , entre elas: D\u00f3lar americano; Euro; Libra esterlina; D\u00f3lar canadense; D\u00f3lar australiano; e mais de [&hellip;]<\/p>\n","protected":false},"author":1,"featured_media":0,"parent":0,"menu_order":0,"comment_status":"closed","ping_status":"closed","template":"elementor_header_footer","meta":{"ocean_post_layout":"","ocean_both_sidebars_style":"","ocean_both_sidebars_content_width":0,"ocean_both_sidebars_sidebars_width":0,"ocean_sidebar":"0","ocean_second_sidebar":"0","ocean_disable_margins":"enable","ocean_add_body_class":"","ocean_shortcode_before_top_bar":"","ocean_shortcode_after_top_bar":"","ocean_shortcode_before_header":"","ocean_shortcode_after_header":"","ocean_has_shortcode":"","ocean_shortcode_after_title":"","ocean_shortcode_before_footer_widgets":"","ocean_shortcode_after_footer_widgets":"","ocean_shortcode_before_footer_bottom":"","ocean_shortcode_after_footer_bottom":"","ocean_display_top_bar":"default","ocean_display_header":"default","ocean_header_style":"","ocean_center_header_left_menu":"0","ocean_custom_header_template":"0","ocean_custom_logo":0,"ocean_custom_retina_logo":0,"ocean_custom_logo_max_width":0,"ocean_custom_logo_tablet_max_width":0,"ocean_custom_logo_mobile_max_width":0,"ocean_custom_logo_max_height":0,"ocean_custom_logo_tablet_max_height":0,"ocean_custom_logo_mobile_max_height":0,"ocean_header_custom_menu":"0","ocean_menu_typo_font_family":"0","ocean_menu_typo_font_subset":"","ocean_menu_typo_font_size":0,"ocean_menu_typo_font_size_tablet":0,"ocean_menu_typo_font_size_mobile":0,"ocean_menu_typo_font_size_unit":"px","ocean_menu_typo_font_weight":"","ocean_menu_typo_font_weight_tablet":"","ocean_menu_typo_font_weight_mobile":"","ocean_menu_typo_transform":"","ocean_menu_typo_transform_tablet":"","ocean_menu_typo_transform_mobile":"","ocean_menu_typo_line_height":0,"ocean_menu_typo_line_height_tablet":0,"ocean_menu_typo_line_height_mobile":0,"ocean_menu_typo_line_height_unit":"","ocean_menu_typo_spacing":0,"ocean_menu_typo_spacing_tablet":0,"ocean_menu_typo_spacing_mobile":0,"ocean_menu_typo_spacing_unit":"","ocean_menu_link_color":"","ocean_menu_link_color_hover":"","ocean_menu_link_color_active":"","ocean_menu_link_background":"","ocean_menu_link_hover_background":"","ocean_menu_link_active_background":"","ocean_menu_social_links_bg":"","ocean_menu_social_hover_links_bg":"","ocean_menu_social_links_color":"","ocean_menu_social_hover_links_color":"","ocean_disable_title":"on","ocean_disable_heading":"default","ocean_post_title":"","ocean_post_subheading":"","ocean_post_title_style":"","ocean_post_title_background_color":"","ocean_post_title_background":0,"ocean_post_title_bg_image_position":"","ocean_post_title_bg_image_attachment":"","ocean_post_title_bg_image_repeat":"","ocean_post_title_bg_image_size":"","ocean_post_title_height":0,"ocean_post_title_bg_overlay":0.5,"ocean_post_title_bg_overlay_color":"","ocean_disable_breadcrumbs":"default","ocean_breadcrumbs_color":"","ocean_breadcrumbs_separator_color":"","ocean_breadcrumbs_links_color":"","ocean_breadcrumbs_links_hover_color":"","ocean_display_footer_widgets":"default","ocean_display_footer_bottom":"default","ocean_custom_footer_template":"0","footnotes":""},"class_list":["post-3695","page","type-page","status-publish","hentry","entry"],"yoast_head":"<!-- This site is optimized with the Yoast SEO plugin v27.5 - https:\/\/yoast.com\/product\/yoast-seo-wordpress\/ -->\n<title>Sua casa de c\u00e2mbio em Campinas - Senhor Moeda C\u00e2mbio<\/title>\n<meta name=\"description\" content=\"Atendemos em Campinas e regi\u00e3o, oferecemos as melhores taxas para d\u00f3lar, euro, libra. Al\u00e9m de oferecer diversos servi\u00e7os financeiros.\" \/>\n<meta name=\"robots\" content=\"index, follow, max-snippet:-1, max-image-preview:large, max-video-preview:-1\" \/>\n<link rel=\"canonical\" href=\"https:\/\/www.senhormoeda.com.br\/campinas\/casa-de-cambio-em-campinas\/\" \/>\n<meta property=\"og:locale\" content=\"pt_PT\" \/>\n<meta property=\"og:type\" content=\"article\" \/>\n<meta property=\"og:title\" content=\"Sua casa de c\u00e2mbio em Campinas - Senhor Moeda C\u00e2mbio\" \/>\n<meta property=\"og:description\" content=\"Atendemos em Campinas e regi\u00e3o, oferecemos as melhores taxas para d\u00f3lar, euro, libra. Al\u00e9m de oferecer diversos servi\u00e7os financeiros.\" \/>\n<meta property=\"og:url\" content=\"https:\/\/www.senhormoeda.com.br\/campinas\/casa-de-cambio-em-campinas\/\" \/>\n<meta property=\"og:site_name\" content=\"Senhor Moeda C\u00e2mbio\" \/>\n<meta property=\"article:modified_time\" content=\"2025-11-18T18:40:28+00:00\" \/>\n<meta property=\"og:image\" content=\"https:\/\/www.senhormoeda.com.br\/campinas\/wp-content\/uploads\/2024\/03\/banner-empresa.webp\" \/>\n\t<meta property=\"og:image:width\" content=\"1218\" \/>\n\t<meta property=\"og:image:height\" content=\"303\" \/>\n\t<meta property=\"og:image:type\" content=\"image\/webp\" \/>\n<meta name=\"twitter:card\" content=\"summary_large_image\" \/>\n<meta name=\"twitter:label1\" content=\"Tempo estimado de leitura\" \/>\n\t<meta name=\"twitter:data1\" content=\"2 minutos\" \/>\n<script type=\"application\/ld+json\" class=\"yoast-schema-graph\">{\"@context\":\"https:\\\/\\\/schema.org\",\"@graph\":[{\"@type\":\"WebPage\",\"@id\":\"https:\\\/\\\/www.senhormoeda.com.br\\\/campinas\\\/casa-de-cambio-em-campinas\\\/\",\"url\":\"https:\\\/\\\/www.senhormoeda.com.br\\\/campinas\\\/casa-de-cambio-em-campinas\\\/\",\"name\":\"Sua casa de c\u00e2mbio em Campinas - Senhor Moeda C\u00e2mbio\",\"isPartOf\":{\"@id\":\"https:\\\/\\\/www.senhormoeda.com.br\\\/campinas\\\/#website\"},\"primaryImageOfPage\":{\"@id\":\"https:\\\/\\\/www.senhormoeda.com.br\\\/campinas\\\/casa-de-cambio-em-campinas\\\/#primaryimage\"},\"image\":{\"@id\":\"https:\\\/\\\/www.senhormoeda.com.br\\\/campinas\\\/casa-de-cambio-em-campinas\\\/#primaryimage\"},\"thumbnailUrl\":\"https:\\\/\\\/www.senhormoeda.com.br\\\/campinas\\\/wp-content\\\/uploads\\\/2024\\\/03\\\/banner-empresa.webp\",\"datePublished\":\"2024-07-12T13:25:03+00:00\",\"dateModified\":\"2025-11-18T18:40:28+00:00\",\"description\":\"Atendemos em Campinas e regi\u00e3o, oferecemos as melhores taxas para d\u00f3lar, euro, libra. Al\u00e9m de oferecer diversos servi\u00e7os financeiros.\",\"inLanguage\":\"pt-PT\",\"potentialAction\":[{\"@type\":\"ReadAction\",\"target\":[\"https:\\\/\\\/www.senhormoeda.com.br\\\/campinas\\\/casa-de-cambio-em-campinas\\\/\"]}]},{\"@type\":\"ImageObject\",\"inLanguage\":\"pt-PT\",\"@id\":\"https:\\\/\\\/www.senhormoeda.com.br\\\/campinas\\\/casa-de-cambio-em-campinas\\\/#primaryimage\",\"url\":\"https:\\\/\\\/www.senhormoeda.com.br\\\/campinas\\\/wp-content\\\/uploads\\\/2024\\\/03\\\/banner-empresa.webp\",\"contentUrl\":\"https:\\\/\\\/www.senhormoeda.com.br\\\/campinas\\\/wp-content\\\/uploads\\\/2024\\\/03\\\/banner-empresa.webp\",\"width\":1218,\"height\":303},{\"@type\":\"WebSite\",\"@id\":\"https:\\\/\\\/www.senhormoeda.com.br\\\/campinas\\\/#website\",\"url\":\"https:\\\/\\\/www.senhormoeda.com.br\\\/campinas\\\/\",\"name\":\"Senhor Moeda C\u00e2mbio\",\"description\":\"Compra e Venda de moeda estrangeira\",\"potentialAction\":[{\"@type\":\"SearchAction\",\"target\":{\"@type\":\"EntryPoint\",\"urlTemplate\":\"https:\\\/\\\/www.senhormoeda.com.br\\\/campinas\\\/?s={search_term_string}\"},\"query-input\":{\"@type\":\"PropertyValueSpecification\",\"valueRequired\":true,\"valueName\":\"search_term_string\"}}],\"inLanguage\":\"pt-PT\"}]}<\/script>\n<!-- \/ Yoast SEO plugin. -->","yoast_head_json":{"title":"Sua casa de c\u00e2mbio em Campinas - Senhor Moeda C\u00e2mbio","description":"Atendemos em Campinas e regi\u00e3o, oferecemos as melhores taxas para d\u00f3lar, euro, libra. Al\u00e9m de oferecer diversos servi\u00e7os financeiros.","robots":{"index":"index","follow":"follow","max-snippet":"max-snippet:-1","max-image-preview":"max-image-preview:large","max-video-preview":"max-video-preview:-1"},"canonical":"https:\/\/www.senhormoeda.com.br\/campinas\/casa-de-cambio-em-campinas\/","og_locale":"pt_PT","og_type":"article","og_title":"Sua casa de c\u00e2mbio em Campinas - Senhor Moeda C\u00e2mbio","og_description":"Atendemos em Campinas e regi\u00e3o, oferecemos as melhores taxas para d\u00f3lar, euro, libra. Al\u00e9m de oferecer diversos servi\u00e7os financeiros.","og_url":"https:\/\/www.senhormoeda.com.br\/campinas\/casa-de-cambio-em-campinas\/","og_site_name":"Senhor Moeda C\u00e2mbio","article_modified_time":"2025-11-18T18:40:28+00:00","og_image":[{"width":1218,"height":303,"url":"https:\/\/www.senhormoeda.com.br\/campinas\/wp-content\/uploads\/2024\/03\/banner-empresa.webp","type":"image\/webp"}],"twitter_card":"summary_large_image","twitter_misc":{"Tempo estimado de leitura":"2 minutos"},"schema":{"@context":"https:\/\/schema.org","@graph":[{"@type":"WebPage","@id":"https:\/\/www.senhormoeda.com.br\/campinas\/casa-de-cambio-em-campinas\/","url":"https:\/\/www.senhormoeda.com.br\/campinas\/casa-de-cambio-em-campinas\/","name":"Sua casa de c\u00e2mbio em Campinas - Senhor Moeda C\u00e2mbio","isPartOf":{"@id":"https:\/\/www.senhormoeda.com.br\/campinas\/#website"},"primaryImageOfPage":{"@id":"https:\/\/www.senhormoeda.com.br\/campinas\/casa-de-cambio-em-campinas\/#primaryimage"},"image":{"@id":"https:\/\/www.senhormoeda.com.br\/campinas\/casa-de-cambio-em-campinas\/#primaryimage"},"thumbnailUrl":"https:\/\/www.senhormoeda.com.br\/campinas\/wp-content\/uploads\/2024\/03\/banner-empresa.webp","datePublished":"2024-07-12T13:25:03+00:00","dateModified":"2025-11-18T18:40:28+00:00","description":"Atendemos em Campinas e regi\u00e3o, oferecemos as melhores taxas para d\u00f3lar, euro, libra. Al\u00e9m de oferecer diversos servi\u00e7os financeiros.","inLanguage":"pt-PT","potentialAction":[{"@type":"ReadAction","target":["https:\/\/www.senhormoeda.com.br\/campinas\/casa-de-cambio-em-campinas\/"]}]},{"@type":"ImageObject","inLanguage":"pt-PT","@id":"https:\/\/www.senhormoeda.com.br\/campinas\/casa-de-cambio-em-campinas\/#primaryimage","url":"https:\/\/www.senhormoeda.com.br\/campinas\/wp-content\/uploads\/2024\/03\/banner-empresa.webp","contentUrl":"https:\/\/www.senhormoeda.com.br\/campinas\/wp-content\/uploads\/2024\/03\/banner-empresa.webp","width":1218,"height":303},{"@type":"WebSite","@id":"https:\/\/www.senhormoeda.com.br\/campinas\/#website","url":"https:\/\/www.senhormoeda.com.br\/campinas\/","name":"Senhor Moeda C\u00e2mbio","description":"Compra e Venda de moeda estrangeira","potentialAction":[{"@type":"SearchAction","target":{"@type":"EntryPoint","urlTemplate":"https:\/\/www.senhormoeda.com.br\/campinas\/?s={search_term_string}"},"query-input":{"@type":"PropertyValueSpecification","valueRequired":true,"valueName":"search_term_string"}}],"inLanguage":"pt-PT"}]}},"_links":{"self":[{"href":"https:\/\/www.senhormoeda.com.br\/campinas\/wp-json\/wp\/v2\/pages\/3695","targetHints":{"allow":["GET"]}}],"collection":[{"href":"https:\/\/www.senhormoeda.com.br\/campinas\/wp-json\/wp\/v2\/pages"}],"about":[{"href":"https:\/\/www.senhormoeda.com.br\/campinas\/wp-json\/wp\/v2\/types\/page"}],"author":[{"embeddable":true,"href":"https:\/\/www.senhormoeda.com.br\/campinas\/wp-json\/wp\/v2\/users\/1"}],"replies":[{"embeddable":true,"href":"https:\/\/www.senhormoeda.com.br\/campinas\/wp-json\/wp\/v2\/comments?post=3695"}],"version-history":[{"count":10,"href":"https:\/\/www.senhormoeda.com.br\/campinas\/wp-json\/wp\/v2\/pages\/3695\/revisions"}],"predecessor-version":[{"id":4387,"href":"https:\/\/www.senhormoeda.com.br\/campinas\/wp-json\/wp\/v2\/pages\/3695\/revisions\/4387"}],"wp:attachment":[{"href":"https:\/\/www.senhormoeda.com.br\/campinas\/wp-json\/wp\/v2\/media?parent=3695"}],"curies":[{"name":"wp","href":"https:\/\/api.w.org\/{rel}","templated":true}]}}